{"id":108,"date":"2022-11-04T09:42:08","date_gmt":"2022-11-04T09:42:08","guid":{"rendered":"https:\/\/themegrilldemos.com\/freedom\/shop\/"},"modified":"2025-07-29T07:52:40","modified_gmt":"2025-07-29T07:52:40","slug":"dessert","status":"publish","type":"page","link":"https:\/\/www.xn--mllebistro-0cb.dk\/?page_id=108","title":{"rendered":"Dessert"},"content":{"rendered":"\n<p>Vi har sveskegr\u00f8d fra pose       65 kroner<\/p>\n\n\n\n<p>vi har \u00e6blegr\u00f8d fra spand     75 kroner<\/p>\n\n\n\n<p>Ring og bestil bord p\u00e5 86 48 45 10<\/p>\n","protected":false},"excerpt":{"rendered":"<p>Vi har sveskegr\u00f8d fra pose 65 kroner vi har \u00e6blegr\u00f8d fra spand 75 kroner Ring og bestil bord p\u00e5 86 48 45 10<\/p>\n","protected":false},"author":1,"featured_media":0,"parent":0,"menu_order":0,"comment_status":"closed","ping_status":"closed","template":"","meta":{"_monsterinsights_skip_tracking":false,"_monsterinsights_sitenote_active":false,"_monsterinsights_sitenote_note":"","_monsterinsights_sitenote_category":0,"footnotes":""},"class_list":["post-108","page","type-page","status-publish","hentry"],"yoast_head":"<!-- This site is optimized with the Yoast SEO plugin v24.3 - https:\/\/yoast.com\/wordpress\/plugins\/seo\/ -->\n<title>Dessert - M\u00f8llebistroen<\/title>\n<meta name=\"description\" content=\"N\u00e5r du spiser i bistroen eller bestiller mad ud af huset, er der rige muligheder for at bestille dessert til maden.\" \/>\n<meta name=\"robots\" content=\"index, follow, max-snippet:-1, max-image-preview:large, max-video-preview:-1\" \/>\n<link rel=\"canonical\" href=\"https:\/\/www.xn--mllebistro-0cb.dk\/?page_id=108\" \/>\n<meta property=\"og:locale\" content=\"da_DK\" \/>\n<meta property=\"og:type\" content=\"article\" \/>\n<meta property=\"og:title\" content=\"Dessert - M\u00f8llebistroen\" \/>\n<meta property=\"og:description\" content=\"N\u00e5r du spiser i bistroen eller bestiller mad ud af huset, er der rige muligheder for at bestille dessert til maden.\" \/>\n<meta property=\"og:url\" content=\"https:\/\/www.xn--mllebistro-0cb.dk\/?page_id=108\" \/>\n<meta property=\"og:site_name\" content=\"M\u00f8llebistroen\" \/>\n<meta property=\"article:modified_time\" content=\"2025-07-29T07:52:40+00:00\" \/>\n<meta name=\"twitter:card\" content=\"summary_large_image\" \/>\n<meta name=\"twitter:label1\" content=\"Estimeret l\u00e6setid\" \/>\n\t<meta name=\"twitter:data1\" content=\"1 minut\" \/>\n<script type=\"application\/ld+json\" class=\"yoast-schema-graph\">{\"@context\":\"https:\/\/schema.org\",\"@graph\":[{\"@type\":\"WebPage\",\"@id\":\"https:\/\/www.xn--mllebistro-0cb.dk\/?page_id=108\",\"url\":\"https:\/\/www.xn--mllebistro-0cb.dk\/?page_id=108\",\"name\":\"Dessert - M\u00f8llebistroen\",\"isPartOf\":{\"@id\":\"https:\/\/www.xn--mllebistro-0cb.dk\/#website\"},\"datePublished\":\"2022-11-04T09:42:08+00:00\",\"dateModified\":\"2025-07-29T07:52:40+00:00\",\"description\":\"N\u00e5r du spiser i bistroen eller bestiller mad ud af huset, er der rige muligheder for at bestille dessert til maden.\",\"breadcrumb\":{\"@id\":\"https:\/\/www.xn--mllebistro-0cb.dk\/?page_id=108#breadcrumb\"},\"inLanguage\":\"da-DK\",\"potentialAction\":[{\"@type\":\"ReadAction\",\"target\":[\"https:\/\/www.xn--mllebistro-0cb.dk\/?page_id=108\"]}]},{\"@type\":\"BreadcrumbList\",\"@id\":\"https:\/\/www.xn--mllebistro-0cb.dk\/?page_id=108#breadcrumb\",\"itemListElement\":[{\"@type\":\"ListItem\",\"position\":1,\"name\":\"Home\",\"item\":\"https:\/\/www.xn--mllebistro-0cb.dk\/\"},{\"@type\":\"ListItem\",\"position\":2,\"name\":\"Dessert\"}]},{\"@type\":\"WebSite\",\"@id\":\"https:\/\/www.xn--mllebistro-0cb.dk\/#website\",\"url\":\"https:\/\/www.xn--mllebistro-0cb.dk\/\",\"name\":\"M\u00f8llebistroen\",\"description\":\"Familierestaurant i Auning\",\"potentialAction\":[{\"@type\":\"SearchAction\",\"target\":{\"@type\":\"EntryPoint\",\"urlTemplate\":\"https:\/\/www.xn--mllebistro-0cb.dk\/?s={search_term_string}\"},\"query-input\":{\"@type\":\"PropertyValueSpecification\",\"valueRequired\":true,\"valueName\":\"search_term_string\"}}],\"inLanguage\":\"da-DK\"}]}<\/script>\n<!-- \/ Yoast SEO plugin. -->","yoast_head_json":{"title":"Dessert - M\u00f8llebistroen","description":"N\u00e5r du spiser i bistroen eller bestiller mad ud af huset, er der rige muligheder for at bestille dessert til maden.","robots":{"index":"index","follow":"follow","max-snippet":"max-snippet:-1","max-image-preview":"max-image-preview:large","max-video-preview":"max-video-preview:-1"},"canonical":"https:\/\/www.xn--mllebistro-0cb.dk\/?page_id=108","og_locale":"da_DK","og_type":"article","og_title":"Dessert - M\u00f8llebistroen","og_description":"N\u00e5r du spiser i bistroen eller bestiller mad ud af huset, er der rige muligheder for at bestille dessert til maden.","og_url":"https:\/\/www.xn--mllebistro-0cb.dk\/?page_id=108","og_site_name":"M\u00f8llebistroen","article_modified_time":"2025-07-29T07:52:40+00:00","twitter_card":"summary_large_image","twitter_misc":{"Estimeret l\u00e6setid":"1 minut"},"schema":{"@context":"https:\/\/schema.org","@graph":[{"@type":"WebPage","@id":"https:\/\/www.xn--mllebistro-0cb.dk\/?page_id=108","url":"https:\/\/www.xn--mllebistro-0cb.dk\/?page_id=108","name":"Dessert - M\u00f8llebistroen","isPartOf":{"@id":"https:\/\/www.xn--mllebistro-0cb.dk\/#website"},"datePublished":"2022-11-04T09:42:08+00:00","dateModified":"2025-07-29T07:52:40+00:00","description":"N\u00e5r du spiser i bistroen eller bestiller mad ud af huset, er der rige muligheder for at bestille dessert til maden.","breadcrumb":{"@id":"https:\/\/www.xn--mllebistro-0cb.dk\/?page_id=108#breadcrumb"},"inLanguage":"da-DK","potentialAction":[{"@type":"ReadAction","target":["https:\/\/www.xn--mllebistro-0cb.dk\/?page_id=108"]}]},{"@type":"BreadcrumbList","@id":"https:\/\/www.xn--mllebistro-0cb.dk\/?page_id=108#breadcrumb","itemListElement":[{"@type":"ListItem","position":1,"name":"Home","item":"https:\/\/www.xn--mllebistro-0cb.dk\/"},{"@type":"ListItem","position":2,"name":"Dessert"}]},{"@type":"WebSite","@id":"https:\/\/www.xn--mllebistro-0cb.dk\/#website","url":"https:\/\/www.xn--mllebistro-0cb.dk\/","name":"M\u00f8llebistroen","description":"Familierestaurant i Auning","potentialAction":[{"@type":"SearchAction","target":{"@type":"EntryPoint","urlTemplate":"https:\/\/www.xn--mllebistro-0cb.dk\/?s={search_term_string}"},"query-input":{"@type":"PropertyValueSpecification","valueRequired":true,"valueName":"search_term_string"}}],"inLanguage":"da-DK"}]}},"_links":{"self":[{"href":"https:\/\/www.xn--mllebistro-0cb.dk\/index.php?rest_route=\/wp\/v2\/pages\/108","targetHints":{"allow":["GET"]}}],"collection":[{"href":"https:\/\/www.xn--mllebistro-0cb.dk\/index.php?rest_route=\/wp\/v2\/pages"}],"about":[{"href":"https:\/\/www.xn--mllebistro-0cb.dk\/index.php?rest_route=\/wp\/v2\/types\/page"}],"author":[{"embeddable":true,"href":"https:\/\/www.xn--mllebistro-0cb.dk\/index.php?rest_route=\/wp\/v2\/users\/1"}],"replies":[{"embeddable":true,"href":"https:\/\/www.xn--mllebistro-0cb.dk\/index.php?rest_route=%2Fwp%2Fv2%2Fcomments&post=108"}],"version-history":[{"count":2,"href":"https:\/\/www.xn--mllebistro-0cb.dk\/index.php?rest_route=\/wp\/v2\/pages\/108\/revisions"}],"predecessor-version":[{"id":208,"href":"https:\/\/www.xn--mllebistro-0cb.dk\/index.php?rest_route=\/wp\/v2\/pages\/108\/revisions\/208"}],"wp:attachment":[{"href":"https:\/\/www.xn--mllebistro-0cb.dk\/index.php?rest_route=%2Fwp%2Fv2%2Fmedia&parent=108"}],"curies":[{"name":"wp","href":"https:\/\/api.w.org\/{rel}","templated":true}]}}