{"id":32,"date":"2014-10-21T15:34:12","date_gmt":"2014-10-21T15:34:12","guid":{"rendered":"http:\/\/demo.themegrill.com\/freedom\/?page_id=32"},"modified":"2025-02-13T13:10:48","modified_gmt":"2025-02-13T13:10:48","slug":"kontakt-os","status":"publish","type":"page","link":"https:\/\/www.xn--mllebistro-0cb.dk\/?page_id=32","title":{"rendered":"Kontakt os"},"content":{"rendered":"<p>M\u00f8llebistroen Auning<\/p>\n<p>Torvegade 2C,<\/p>\n<p>8963 Auning<\/p>\n<p>Telefon: 86484510<\/p>\n\n<div class=\"everest-forms\"><div class=\"evf-container default\" id=\"evf-82\"><form id=\"evf-form-82\" class=\"everest-form\" data-formid=\"82\" data-ajax_submission=\"0\" data-keyboard_friendly_form=\"0\" method=\"post\" enctype=\"multipart\/form-data\" action=\"\/index.php?rest_route=%2Fwp%2Fv2%2Fpages%2F32\"><div class=\"evf-field-container\"><input type=\"hidden\" id=\"_wpnonce82\" name=\"_wpnonce82\" value=\"732237b4d5\" \/><input type=\"hidden\" name=\"_wp_http_referer\" value=\"\/index.php?rest_route=%2Fwp%2Fv2%2Fpages%2F32\" \/><div class=\"evf-frontend-row\" data-row=\"row_1\" conditional_rules=\"[]\"><div class=\"evf-frontend-grid evf-grid-1\" data-grid=\"grid_1\"><div id=\"evf-82-field_name-container\" class=\"evf-field evf-field-text form-row validate-required\" data-required-field-message=\"This field is required.\" data-field-id=\"name\"><label class=\"evf-field-label\" for=\"evf-82-field_name\"><span class=\"evf-label\">Name<\/span> <abbr class=\"required\" title=\"Required\">*<\/abbr><\/label><input type=\"text\" id=\"evf-82-field_name\" class=\"input-text\" name=\"everest_forms[form_fields][name]\" required><\/div><div id=\"evf-82-field_email-container\" class=\"evf-field evf-field-email form-row validate-required validate-email\" data-required-field-message=\"Please enter a valid email address.\" data-field-id=\"email\"><label class=\"evf-field-label\" for=\"evf-82-field_email\"><span class=\"evf-label\">Email<\/span> <abbr class=\"required\" title=\"Required\">*<\/abbr><\/label><input type=\"email\" id=\"evf-82-field_email\" class=\"input-text\" name=\"everest_forms[form_fields][email]\" required ><\/div><div id=\"evf-82-field_subject-container\" class=\"evf-field evf-field-text form-row validate-required\" data-required-field-message=\"This field is required.\" data-field-id=\"subject\"><label class=\"evf-field-label\" for=\"evf-82-field_subject\"><span class=\"evf-label\">Subject<\/span> <abbr class=\"required\" title=\"Required\">*<\/abbr><\/label><input type=\"text\" id=\"evf-82-field_subject\" class=\"input-text\" name=\"everest_forms[form_fields][subject]\" required><\/div><div id=\"evf-82-field_message-container\" class=\"evf-field evf-field-textarea form-row\" data-field-id=\"message\"><label class=\"evf-field-label\" for=\"evf-82-field_message\"><span class=\"evf-label\">Message<\/span> <\/label><textarea id=\"evf-82-field_message\" class=\"input-text\" name=\"everest_forms[form_fields][message]\"  ><\/textarea><\/div><\/div><\/div><\/div><div class=\"evf-honeypot-container evf-field-hp\"><label for=\"evf-82-field-hp\" class=\"evf-field-label\">Email<\/label><input type=\"text\" name=\"everest_forms[hp]\" id=\"evf-82-field-hp\" class=\"input-text\"><\/div><div class=\"evf-submit-container \" ><input type=\"hidden\" name=\"everest_forms[id]\" value=\"82\"><input type=\"hidden\" name=\"everest_forms[author]\" value=\"1\"><button type='submit' name='everest_forms[submit]' class='everest-forms-submit-button button evf-submit ' id='evf-submit-82' value='evf-submit' data-process-text=\"Processing\u2026\" conditional_rules='&quot;&quot;' conditional_id='evf-submit-82'  id=\"evf-submit-82\" aria-live=\"assertive\">Submit<\/button><\/div><\/form><\/div><!-- .evf-container --><\/div>\n","protected":false},"excerpt":{"rendered":"<p>M\u00f8llebistroen Auning Torvegade 2C, 8963 Auning Telefon: 86484510<\/p>\n","protected":false},"author":1,"featured_media":0,"parent":0,"menu_order":0,"comment_status":"closed","ping_status":"closed","template":"page-templates\/contact.php","meta":{"_monsterinsights_skip_tracking":false,"_monsterinsights_sitenote_active":false,"_monsterinsights_sitenote_note":"","_monsterinsights_sitenote_category":0,"footnotes":""},"class_list":["post-32","page","type-page","status-publish","hentry"],"yoast_head":"<!-- This site is optimized with the Yoast SEO plugin v24.3 - https:\/\/yoast.com\/wordpress\/plugins\/seo\/ -->\n<title>Kontakt os - M\u00f8llebistroen<\/title>\n<meta name=\"description\" content=\"Her er vores kontaktdetaljer, b\u00e5de til brug for bestilling af bord eller mad til afhentning, men ogs\u00e5 hvis i har ros\/ris til os.\" \/>\n<meta name=\"robots\" content=\"index, follow, max-snippet:-1, max-image-preview:large, max-video-preview:-1\" \/>\n<link rel=\"canonical\" href=\"https:\/\/www.xn--mllebistro-0cb.dk\/?page_id=32\" \/>\n<meta property=\"og:locale\" content=\"da_DK\" \/>\n<meta property=\"og:type\" content=\"article\" \/>\n<meta property=\"og:title\" content=\"Kontakt os - M\u00f8llebistroen\" \/>\n<meta property=\"og:description\" content=\"Her er vores kontaktdetaljer, b\u00e5de til brug for bestilling af bord eller mad til afhentning, men ogs\u00e5 hvis i har ros\/ris til os.\" \/>\n<meta property=\"og:url\" content=\"https:\/\/www.xn--mllebistro-0cb.dk\/?page_id=32\" \/>\n<meta property=\"og:site_name\" content=\"M\u00f8llebistroen\" \/>\n<meta property=\"article:modified_time\" content=\"2025-02-13T13:10:48+00:00\" \/>\n<meta name=\"twitter:card\" content=\"summary_large_image\" \/>\n<meta name=\"twitter:label1\" content=\"Estimeret l\u00e6setid\" \/>\n\t<meta name=\"twitter:data1\" content=\"1 minut\" \/>\n<script type=\"application\/ld+json\" class=\"yoast-schema-graph\">{\"@context\":\"https:\/\/schema.org\",\"@graph\":[{\"@type\":\"WebPage\",\"@id\":\"https:\/\/www.xn--mllebistro-0cb.dk\/?page_id=32\",\"url\":\"https:\/\/www.xn--mllebistro-0cb.dk\/?page_id=32\",\"name\":\"Kontakt os - M\u00f8llebistroen\",\"isPartOf\":{\"@id\":\"https:\/\/www.xn--mllebistro-0cb.dk\/#website\"},\"datePublished\":\"2014-10-21T15:34:12+00:00\",\"dateModified\":\"2025-02-13T13:10:48+00:00\",\"description\":\"Her er vores kontaktdetaljer, b\u00e5de til brug for bestilling af bord eller mad til afhentning, men ogs\u00e5 hvis i har ros\/ris til os.\",\"breadcrumb\":{\"@id\":\"https:\/\/www.xn--mllebistro-0cb.dk\/?page_id=32#breadcrumb\"},\"inLanguage\":\"da-DK\",\"potentialAction\":[{\"@type\":\"ReadAction\",\"target\":[\"https:\/\/www.xn--mllebistro-0cb.dk\/?page_id=32\"]}]},{\"@type\":\"BreadcrumbList\",\"@id\":\"https:\/\/www.xn--mllebistro-0cb.dk\/?page_id=32#breadcrumb\",\"itemListElement\":[{\"@type\":\"ListItem\",\"position\":1,\"name\":\"Home\",\"item\":\"https:\/\/www.xn--mllebistro-0cb.dk\/\"},{\"@type\":\"ListItem\",\"position\":2,\"name\":\"Kontakt os\"}]},{\"@type\":\"WebSite\",\"@id\":\"https:\/\/www.xn--mllebistro-0cb.dk\/#website\",\"url\":\"https:\/\/www.xn--mllebistro-0cb.dk\/\",\"name\":\"M\u00f8llebistroen\",\"description\":\"Familierestaurant i Auning\",\"potentialAction\":[{\"@type\":\"SearchAction\",\"target\":{\"@type\":\"EntryPoint\",\"urlTemplate\":\"https:\/\/www.xn--mllebistro-0cb.dk\/?s={search_term_string}\"},\"query-input\":{\"@type\":\"PropertyValueSpecification\",\"valueRequired\":true,\"valueName\":\"search_term_string\"}}],\"inLanguage\":\"da-DK\"}]}<\/script>\n<!-- \/ Yoast SEO plugin. -->","yoast_head_json":{"title":"Kontakt os - M\u00f8llebistroen","description":"Her er vores kontaktdetaljer, b\u00e5de til brug for bestilling af bord eller mad til afhentning, men ogs\u00e5 hvis i har ros\/ris til os.","robots":{"index":"index","follow":"follow","max-snippet":"max-snippet:-1","max-image-preview":"max-image-preview:large","max-video-preview":"max-video-preview:-1"},"canonical":"https:\/\/www.xn--mllebistro-0cb.dk\/?page_id=32","og_locale":"da_DK","og_type":"article","og_title":"Kontakt os - M\u00f8llebistroen","og_description":"Her er vores kontaktdetaljer, b\u00e5de til brug for bestilling af bord eller mad til afhentning, men ogs\u00e5 hvis i har ros\/ris til os.","og_url":"https:\/\/www.xn--mllebistro-0cb.dk\/?page_id=32","og_site_name":"M\u00f8llebistroen","article_modified_time":"2025-02-13T13:10:48+00:00","twitter_card":"summary_large_image","twitter_misc":{"Estimeret l\u00e6setid":"1 minut"},"schema":{"@context":"https:\/\/schema.org","@graph":[{"@type":"WebPage","@id":"https:\/\/www.xn--mllebistro-0cb.dk\/?page_id=32","url":"https:\/\/www.xn--mllebistro-0cb.dk\/?page_id=32","name":"Kontakt os - M\u00f8llebistroen","isPartOf":{"@id":"https:\/\/www.xn--mllebistro-0cb.dk\/#website"},"datePublished":"2014-10-21T15:34:12+00:00","dateModified":"2025-02-13T13:10:48+00:00","description":"Her er vores kontaktdetaljer, b\u00e5de til brug for bestilling af bord eller mad til afhentning, men ogs\u00e5 hvis i har ros\/ris til os.","breadcrumb":{"@id":"https:\/\/www.xn--mllebistro-0cb.dk\/?page_id=32#breadcrumb"},"inLanguage":"da-DK","potentialAction":[{"@type":"ReadAction","target":["https:\/\/www.xn--mllebistro-0cb.dk\/?page_id=32"]}]},{"@type":"BreadcrumbList","@id":"https:\/\/www.xn--mllebistro-0cb.dk\/?page_id=32#breadcrumb","itemListElement":[{"@type":"ListItem","position":1,"name":"Home","item":"https:\/\/www.xn--mllebistro-0cb.dk\/"},{"@type":"ListItem","position":2,"name":"Kontakt os"}]},{"@type":"WebSite","@id":"https:\/\/www.xn--mllebistro-0cb.dk\/#website","url":"https:\/\/www.xn--mllebistro-0cb.dk\/","name":"M\u00f8llebistroen","description":"Familierestaurant i Auning","potentialAction":[{"@type":"SearchAction","target":{"@type":"EntryPoint","urlTemplate":"https:\/\/www.xn--mllebistro-0cb.dk\/?s={search_term_string}"},"query-input":{"@type":"PropertyValueSpecification","valueRequired":true,"valueName":"search_term_string"}}],"inLanguage":"da-DK"}]}},"_links":{"self":[{"href":"https:\/\/www.xn--mllebistro-0cb.dk\/index.php?rest_route=\/wp\/v2\/pages\/32","targetHints":{"allow":["GET"]}}],"collection":[{"href":"https:\/\/www.xn--mllebistro-0cb.dk\/index.php?rest_route=\/wp\/v2\/pages"}],"about":[{"href":"https:\/\/www.xn--mllebistro-0cb.dk\/index.php?rest_route=\/wp\/v2\/types\/page"}],"author":[{"embeddable":true,"href":"https:\/\/www.xn--mllebistro-0cb.dk\/index.php?rest_route=\/wp\/v2\/users\/1"}],"replies":[{"embeddable":true,"href":"https:\/\/www.xn--mllebistro-0cb.dk\/index.php?rest_route=%2Fwp%2Fv2%2Fcomments&post=32"}],"version-history":[{"count":2,"href":"https:\/\/www.xn--mllebistro-0cb.dk\/index.php?rest_route=\/wp\/v2\/pages\/32\/revisions"}],"predecessor-version":[{"id":186,"href":"https:\/\/www.xn--mllebistro-0cb.dk\/index.php?rest_route=\/wp\/v2\/pages\/32\/revisions\/186"}],"wp:attachment":[{"href":"https:\/\/www.xn--mllebistro-0cb.dk\/index.php?rest_route=%2Fwp%2Fv2%2Fmedia&parent=32"}],"curies":[{"name":"wp","href":"https:\/\/api.w.org\/{rel}","templated":true}]}}