{"id":47,"date":"2014-10-21T16:26:52","date_gmt":"2014-10-21T16:26:52","guid":{"rendered":"http:\/\/demo.themegrill.com\/freedom\/?page_id=47"},"modified":"2025-07-29T07:56:55","modified_gmt":"2025-07-29T07:56:55","slug":"left-sidebar","status":"publish","type":"page","link":"https:\/\/www.xn--mllebistro-0cb.dk\/?page_id=47","title":{"rendered":"Brunch"},"content":{"rendered":"\n<p>rundstykker fra k\u00f8bmanden<\/p>\n\n\n\n<p>wienerbr\u00f8d som vi har lavet som bakeoff <\/p>\n\n\n\n<p>lune r\u00f8stis fra frituren<\/p>\n\n\n\n<p>p\u00f8lserne fra dagen f\u00f8r, s\u00e5 de er rigtigt gode ligesom wienerbr\u00f8dene<\/p>\n\n\n\n<p>vi har ikke yoghurt desv\u00e6rre, men det kan ikke holde sig i denne varme, s\u00e5 der fik vi for mange klager <\/p>\n\n\n\n<p><\/p>\n","protected":false},"excerpt":{"rendered":"<p>rundstykker fra k\u00f8bmanden wienerbr\u00f8d som vi har lavet som bakeoff lune r\u00f8stis fra frituren p\u00f8lserne fra dagen f\u00f8r, s\u00e5 de er rigtigt gode ligesom wienerbr\u00f8dene vi har ikke yoghurt desv\u00e6rre, men det kan ikke holde sig i denne varme, s\u00e5<\/p>\n","protected":false},"author":1,"featured_media":0,"parent":0,"menu_order":0,"comment_status":"closed","ping_status":"closed","template":"","meta":{"_monsterinsights_skip_tracking":false,"_monsterinsights_sitenote_active":false,"_monsterinsights_sitenote_note":"","_monsterinsights_sitenote_category":0,"footnotes":""},"class_list":["post-47","page","type-page","status-publish","hentry"],"yoast_head":"<!-- This site is optimized with the Yoast SEO plugin v24.3 - https:\/\/yoast.com\/wordpress\/plugins\/seo\/ -->\n<title>Brunch - M\u00f8llebistroen<\/title>\n<meta name=\"robots\" content=\"index, follow, max-snippet:-1, max-image-preview:large, max-video-preview:-1\" \/>\n<link rel=\"canonical\" href=\"https:\/\/www.xn--mllebistro-0cb.dk\/?page_id=47\" \/>\n<meta property=\"og:locale\" content=\"da_DK\" \/>\n<meta property=\"og:type\" content=\"article\" \/>\n<meta property=\"og:title\" content=\"Brunch - M\u00f8llebistroen\" \/>\n<meta property=\"og:description\" content=\"rundstykker fra k\u00f8bmanden wienerbr\u00f8d som vi har lavet som bakeoff lune r\u00f8stis fra frituren p\u00f8lserne fra dagen f\u00f8r, s\u00e5 de er rigtigt gode ligesom wienerbr\u00f8dene vi har ikke yoghurt desv\u00e6rre, men det kan ikke holde sig i denne varme, s\u00e5\" \/>\n<meta property=\"og:url\" content=\"https:\/\/www.xn--mllebistro-0cb.dk\/?page_id=47\" \/>\n<meta property=\"og:site_name\" content=\"M\u00f8llebistroen\" \/>\n<meta property=\"article:modified_time\" content=\"2025-07-29T07:56:55+00:00\" \/>\n<meta name=\"twitter:card\" content=\"summary_large_image\" \/>\n<meta name=\"twitter:label1\" content=\"Estimeret l\u00e6setid\" \/>\n\t<meta name=\"twitter:data1\" content=\"1 minut\" \/>\n<script type=\"application\/ld+json\" class=\"yoast-schema-graph\">{\"@context\":\"https:\/\/schema.org\",\"@graph\":[{\"@type\":\"WebPage\",\"@id\":\"https:\/\/www.xn--mllebistro-0cb.dk\/?page_id=47\",\"url\":\"https:\/\/www.xn--mllebistro-0cb.dk\/?page_id=47\",\"name\":\"Brunch - M\u00f8llebistroen\",\"isPartOf\":{\"@id\":\"https:\/\/www.xn--mllebistro-0cb.dk\/#website\"},\"datePublished\":\"2014-10-21T16:26:52+00:00\",\"dateModified\":\"2025-07-29T07:56:55+00:00\",\"breadcrumb\":{\"@id\":\"https:\/\/www.xn--mllebistro-0cb.dk\/?page_id=47#breadcrumb\"},\"inLanguage\":\"da-DK\",\"potentialAction\":[{\"@type\":\"ReadAction\",\"target\":[\"https:\/\/www.xn--mllebistro-0cb.dk\/?page_id=47\"]}]},{\"@type\":\"BreadcrumbList\",\"@id\":\"https:\/\/www.xn--mllebistro-0cb.dk\/?page_id=47#breadcrumb\",\"itemListElement\":[{\"@type\":\"ListItem\",\"position\":1,\"name\":\"Home\",\"item\":\"https:\/\/www.xn--mllebistro-0cb.dk\/\"},{\"@type\":\"ListItem\",\"position\":2,\"name\":\"Brunch\"}]},{\"@type\":\"WebSite\",\"@id\":\"https:\/\/www.xn--mllebistro-0cb.dk\/#website\",\"url\":\"https:\/\/www.xn--mllebistro-0cb.dk\/\",\"name\":\"M\u00f8llebistroen\",\"description\":\"Familierestaurant i Auning\",\"potentialAction\":[{\"@type\":\"SearchAction\",\"target\":{\"@type\":\"EntryPoint\",\"urlTemplate\":\"https:\/\/www.xn--mllebistro-0cb.dk\/?s={search_term_string}\"},\"query-input\":{\"@type\":\"PropertyValueSpecification\",\"valueRequired\":true,\"valueName\":\"search_term_string\"}}],\"inLanguage\":\"da-DK\"}]}<\/script>\n<!-- \/ Yoast SEO plugin. -->","yoast_head_json":{"title":"Brunch - M\u00f8llebistroen","robots":{"index":"index","follow":"follow","max-snippet":"max-snippet:-1","max-image-preview":"max-image-preview:large","max-video-preview":"max-video-preview:-1"},"canonical":"https:\/\/www.xn--mllebistro-0cb.dk\/?page_id=47","og_locale":"da_DK","og_type":"article","og_title":"Brunch - M\u00f8llebistroen","og_description":"rundstykker fra k\u00f8bmanden wienerbr\u00f8d som vi har lavet som bakeoff lune r\u00f8stis fra frituren p\u00f8lserne fra dagen f\u00f8r, s\u00e5 de er rigtigt gode ligesom wienerbr\u00f8dene vi har ikke yoghurt desv\u00e6rre, men det kan ikke holde sig i denne varme, s\u00e5","og_url":"https:\/\/www.xn--mllebistro-0cb.dk\/?page_id=47","og_site_name":"M\u00f8llebistroen","article_modified_time":"2025-07-29T07:56:55+00:00","twitter_card":"summary_large_image","twitter_misc":{"Estimeret l\u00e6setid":"1 minut"},"schema":{"@context":"https:\/\/schema.org","@graph":[{"@type":"WebPage","@id":"https:\/\/www.xn--mllebistro-0cb.dk\/?page_id=47","url":"https:\/\/www.xn--mllebistro-0cb.dk\/?page_id=47","name":"Brunch - M\u00f8llebistroen","isPartOf":{"@id":"https:\/\/www.xn--mllebistro-0cb.dk\/#website"},"datePublished":"2014-10-21T16:26:52+00:00","dateModified":"2025-07-29T07:56:55+00:00","breadcrumb":{"@id":"https:\/\/www.xn--mllebistro-0cb.dk\/?page_id=47#breadcrumb"},"inLanguage":"da-DK","potentialAction":[{"@type":"ReadAction","target":["https:\/\/www.xn--mllebistro-0cb.dk\/?page_id=47"]}]},{"@type":"BreadcrumbList","@id":"https:\/\/www.xn--mllebistro-0cb.dk\/?page_id=47#breadcrumb","itemListElement":[{"@type":"ListItem","position":1,"name":"Home","item":"https:\/\/www.xn--mllebistro-0cb.dk\/"},{"@type":"ListItem","position":2,"name":"Brunch"}]},{"@type":"WebSite","@id":"https:\/\/www.xn--mllebistro-0cb.dk\/#website","url":"https:\/\/www.xn--mllebistro-0cb.dk\/","name":"M\u00f8llebistroen","description":"Familierestaurant i Auning","potentialAction":[{"@type":"SearchAction","target":{"@type":"EntryPoint","urlTemplate":"https:\/\/www.xn--mllebistro-0cb.dk\/?s={search_term_string}"},"query-input":{"@type":"PropertyValueSpecification","valueRequired":true,"valueName":"search_term_string"}}],"inLanguage":"da-DK"}]}},"_links":{"self":[{"href":"https:\/\/www.xn--mllebistro-0cb.dk\/index.php?rest_route=\/wp\/v2\/pages\/47","targetHints":{"allow":["GET"]}}],"collection":[{"href":"https:\/\/www.xn--mllebistro-0cb.dk\/index.php?rest_route=\/wp\/v2\/pages"}],"about":[{"href":"https:\/\/www.xn--mllebistro-0cb.dk\/index.php?rest_route=\/wp\/v2\/types\/page"}],"author":[{"embeddable":true,"href":"https:\/\/www.xn--mllebistro-0cb.dk\/index.php?rest_route=\/wp\/v2\/users\/1"}],"replies":[{"embeddable":true,"href":"https:\/\/www.xn--mllebistro-0cb.dk\/index.php?rest_route=%2Fwp%2Fv2%2Fcomments&post=47"}],"version-history":[{"count":2,"href":"https:\/\/www.xn--mllebistro-0cb.dk\/index.php?rest_route=\/wp\/v2\/pages\/47\/revisions"}],"predecessor-version":[{"id":212,"href":"https:\/\/www.xn--mllebistro-0cb.dk\/index.php?rest_route=\/wp\/v2\/pages\/47\/revisions\/212"}],"wp:attachment":[{"href":"https:\/\/www.xn--mllebistro-0cb.dk\/index.php?rest_route=%2Fwp%2Fv2%2Fmedia&parent=47"}],"curies":[{"name":"wp","href":"https:\/\/api.w.org\/{rel}","templated":true}]}}