{"id":98,"date":"2022-07-06T09:30:26","date_gmt":"2022-07-06T09:30:26","guid":{"rendered":"https:\/\/themegrilldemos.com\/freedom\/themegrill-demo-showcase\/"},"modified":"2025-07-29T07:59:16","modified_gmt":"2025-07-29T07:59:16","slug":"mollebistroens-menukort","status":"publish","type":"page","link":"https:\/\/www.xn--mllebistro-0cb.dk\/","title":{"rendered":"M\u00f8llebistroens menukort"},"content":{"rendered":"\n<p class=\"has-vivid-red-color has-text-color has-link-color wp-elements-53ae8edd7d12581e167c2e87db8a7c41\">Menukort M\u00f8llebistroen<\/p>\n\n\n\n<p>pommes frites       55 kroner<\/p>\n\n\n\n<p>P\u00f8lser alle slags     45 kroner<\/p>\n\n\n\n<p>sodavand,             35 kroner<\/p>\n\n\n\n<p>burgermenu      195 kroner<\/p>\n\n\n\n<p>burger uden ost og uden bacon, m\u00e5ske med en b\u00f8f    110 kroner<\/p>\n\n\n\n<p>burger MED ost og MED bacon 125 kroner<\/p>\n\n\n\n<p>biksemad, blandet k\u00f8d fra tidligere dage og to \u00e6g       60 kroner<\/p>\n\n\n\n<p>vi har ikke \u00f8l eller vin\/spiritus da vi ikke kan f\u00e5 bevilling fra myndighederne<\/p>\n","protected":false},"excerpt":{"rendered":"<p>Menukort M\u00f8llebistroen pommes frites 55 kroner P\u00f8lser alle slags 45 kroner sodavand, 35 kroner burgermenu 195 kroner burger uden ost og uden bacon, m\u00e5ske med en b\u00f8f 110 kroner burger MED ost og MED bacon 125 kroner biksemad, blandet k\u00f8d<\/p>\n","protected":false},"author":1,"featured_media":0,"parent":0,"menu_order":0,"comment_status":"closed","ping_status":"closed","template":"","meta":{"_monsterinsights_skip_tracking":false,"_monsterinsights_sitenote_active":false,"_monsterinsights_sitenote_note":"","_monsterinsights_sitenote_category":0,"footnotes":""},"class_list":["post-98","page","type-page","status-publish","hentry"],"yoast_head":"<!-- This site is optimized with the Yoast SEO plugin v24.3 - https:\/\/yoast.com\/wordpress\/plugins\/seo\/ -->\n<title>M\u00f8llebistroens menukort - M\u00f8llebistroen<\/title>\n<meta name=\"description\" content=\"Alt det der er p\u00e5 Menukortet, kan enten bestilles til afhentning eller spises hos os i M\u00f8llebistroen. Det er typisk grillmad.\" \/>\n<meta name=\"robots\" content=\"index, follow, max-snippet:-1, max-image-preview:large, max-video-preview:-1\" \/>\n<link rel=\"canonical\" href=\"https:\/\/www.xn--mllebistro-0cb.dk\/\" \/>\n<meta property=\"og:locale\" content=\"da_DK\" \/>\n<meta property=\"og:type\" content=\"article\" \/>\n<meta property=\"og:title\" content=\"M\u00f8llebistroens menukort - M\u00f8llebistroen\" \/>\n<meta property=\"og:description\" content=\"Alt det der er p\u00e5 Menukortet, kan enten bestilles til afhentning eller spises hos os i M\u00f8llebistroen. Det er typisk grillmad.\" \/>\n<meta property=\"og:url\" content=\"https:\/\/www.xn--mllebistro-0cb.dk\/\" \/>\n<meta property=\"og:site_name\" content=\"M\u00f8llebistroen\" \/>\n<meta property=\"article:modified_time\" content=\"2025-07-29T07:59:16+00:00\" \/>\n<meta name=\"twitter:card\" content=\"summary_large_image\" \/>\n<meta name=\"twitter:label1\" content=\"Estimeret l\u00e6setid\" \/>\n\t<meta name=\"twitter:data1\" content=\"1 minut\" \/>\n<script type=\"application\/ld+json\" class=\"yoast-schema-graph\">{\"@context\":\"https:\/\/schema.org\",\"@graph\":[{\"@type\":\"WebPage\",\"@id\":\"https:\/\/www.xn--mllebistro-0cb.dk\/\",\"url\":\"https:\/\/www.xn--mllebistro-0cb.dk\/\",\"name\":\"M\u00f8llebistroens menukort - M\u00f8llebistroen\",\"isPartOf\":{\"@id\":\"https:\/\/www.xn--mllebistro-0cb.dk\/#website\"},\"datePublished\":\"2022-07-06T09:30:26+00:00\",\"dateModified\":\"2025-07-29T07:59:16+00:00\",\"description\":\"Alt det der er p\u00e5 Menukortet, kan enten bestilles til afhentning eller spises hos os i M\u00f8llebistroen. Det er typisk grillmad.\",\"breadcrumb\":{\"@id\":\"https:\/\/www.xn--mllebistro-0cb.dk\/#breadcrumb\"},\"inLanguage\":\"da-DK\",\"potentialAction\":[{\"@type\":\"ReadAction\",\"target\":[\"https:\/\/www.xn--mllebistro-0cb.dk\/\"]}]},{\"@type\":\"BreadcrumbList\",\"@id\":\"https:\/\/www.xn--mllebistro-0cb.dk\/#breadcrumb\",\"itemListElement\":[{\"@type\":\"ListItem\",\"position\":1,\"name\":\"Home\",\"item\":\"https:\/\/www.xn--mllebistro-0cb.dk\/\"},{\"@type\":\"ListItem\",\"position\":2,\"name\":\"M\u00f8llebistroens menukort\"}]},{\"@type\":\"WebSite\",\"@id\":\"https:\/\/www.xn--mllebistro-0cb.dk\/#website\",\"url\":\"https:\/\/www.xn--mllebistro-0cb.dk\/\",\"name\":\"M\u00f8llebistroen\",\"description\":\"Familierestaurant i Auning\",\"potentialAction\":[{\"@type\":\"SearchAction\",\"target\":{\"@type\":\"EntryPoint\",\"urlTemplate\":\"https:\/\/www.xn--mllebistro-0cb.dk\/?s={search_term_string}\"},\"query-input\":{\"@type\":\"PropertyValueSpecification\",\"valueRequired\":true,\"valueName\":\"search_term_string\"}}],\"inLanguage\":\"da-DK\"}]}<\/script>\n<!-- \/ Yoast SEO plugin. -->","yoast_head_json":{"title":"M\u00f8llebistroens menukort - M\u00f8llebistroen","description":"Alt det der er p\u00e5 Menukortet, kan enten bestilles til afhentning eller spises hos os i M\u00f8llebistroen. Det er typisk grillmad.","robots":{"index":"index","follow":"follow","max-snippet":"max-snippet:-1","max-image-preview":"max-image-preview:large","max-video-preview":"max-video-preview:-1"},"canonical":"https:\/\/www.xn--mllebistro-0cb.dk\/","og_locale":"da_DK","og_type":"article","og_title":"M\u00f8llebistroens menukort - M\u00f8llebistroen","og_description":"Alt det der er p\u00e5 Menukortet, kan enten bestilles til afhentning eller spises hos os i M\u00f8llebistroen. Det er typisk grillmad.","og_url":"https:\/\/www.xn--mllebistro-0cb.dk\/","og_site_name":"M\u00f8llebistroen","article_modified_time":"2025-07-29T07:59:16+00:00","twitter_card":"summary_large_image","twitter_misc":{"Estimeret l\u00e6setid":"1 minut"},"schema":{"@context":"https:\/\/schema.org","@graph":[{"@type":"WebPage","@id":"https:\/\/www.xn--mllebistro-0cb.dk\/","url":"https:\/\/www.xn--mllebistro-0cb.dk\/","name":"M\u00f8llebistroens menukort - M\u00f8llebistroen","isPartOf":{"@id":"https:\/\/www.xn--mllebistro-0cb.dk\/#website"},"datePublished":"2022-07-06T09:30:26+00:00","dateModified":"2025-07-29T07:59:16+00:00","description":"Alt det der er p\u00e5 Menukortet, kan enten bestilles til afhentning eller spises hos os i M\u00f8llebistroen. Det er typisk grillmad.","breadcrumb":{"@id":"https:\/\/www.xn--mllebistro-0cb.dk\/#breadcrumb"},"inLanguage":"da-DK","potentialAction":[{"@type":"ReadAction","target":["https:\/\/www.xn--mllebistro-0cb.dk\/"]}]},{"@type":"BreadcrumbList","@id":"https:\/\/www.xn--mllebistro-0cb.dk\/#breadcrumb","itemListElement":[{"@type":"ListItem","position":1,"name":"Home","item":"https:\/\/www.xn--mllebistro-0cb.dk\/"},{"@type":"ListItem","position":2,"name":"M\u00f8llebistroens menukort"}]},{"@type":"WebSite","@id":"https:\/\/www.xn--mllebistro-0cb.dk\/#website","url":"https:\/\/www.xn--mllebistro-0cb.dk\/","name":"M\u00f8llebistroen","description":"Familierestaurant i Auning","potentialAction":[{"@type":"SearchAction","target":{"@type":"EntryPoint","urlTemplate":"https:\/\/www.xn--mllebistro-0cb.dk\/?s={search_term_string}"},"query-input":{"@type":"PropertyValueSpecification","valueRequired":true,"valueName":"search_term_string"}}],"inLanguage":"da-DK"}]}},"_links":{"self":[{"href":"https:\/\/www.xn--mllebistro-0cb.dk\/index.php?rest_route=\/wp\/v2\/pages\/98","targetHints":{"allow":["GET"]}}],"collection":[{"href":"https:\/\/www.xn--mllebistro-0cb.dk\/index.php?rest_route=\/wp\/v2\/pages"}],"about":[{"href":"https:\/\/www.xn--mllebistro-0cb.dk\/index.php?rest_route=\/wp\/v2\/types\/page"}],"author":[{"embeddable":true,"href":"https:\/\/www.xn--mllebistro-0cb.dk\/index.php?rest_route=\/wp\/v2\/users\/1"}],"replies":[{"embeddable":true,"href":"https:\/\/www.xn--mllebistro-0cb.dk\/index.php?rest_route=%2Fwp%2Fv2%2Fcomments&post=98"}],"version-history":[{"count":2,"href":"https:\/\/www.xn--mllebistro-0cb.dk\/index.php?rest_route=\/wp\/v2\/pages\/98\/revisions"}],"predecessor-version":[{"id":207,"href":"https:\/\/www.xn--mllebistro-0cb.dk\/index.php?rest_route=\/wp\/v2\/pages\/98\/revisions\/207"}],"wp:attachment":[{"href":"https:\/\/www.xn--mllebistro-0cb.dk\/index.php?rest_route=%2Fwp%2Fv2%2Fmedia&parent=98"}],"curies":[{"name":"wp","href":"https:\/\/api.w.org\/{rel}","templated":true}]}}